{"id":186,"date":"2026-04-05T20:21:12","date_gmt":"2026-04-05T20:21:12","guid":{"rendered":"https:\/\/hrj-security.fi\/?page_id=186"},"modified":"2026-04-05T20:35:52","modified_gmt":"2026-04-05T20:35:52","slug":"keikkakalenteri","status":"publish","type":"page","link":"https:\/\/hrj-security.fi\/index.php\/keikkakalenteri\/","title":{"rendered":"Keikkakalenteri"},"content":{"rendered":"\n<p>T\u00e4\u00e4lt\u00e4 l\u00f6yd\u00e4t keikkamme eli mist\u00e4 meid\u00e4t l\u00f6yt\u00e4\u00e4 j\u00e4rjestyksenvalvojan t\u00f6ist\u00e4:<\/p>\n\n\n\n<ul class=\"wp-block-list\">\n<li>10.7-11.7.2026 &#8211; <a href=\"https:\/\/www.keuruunmarkkinat.fi\/\">Keuruun markkinat<\/a>, KEURUU<\/li>\n\n\n\n<li>23.7.2026 &#8211; <a href=\"https:\/\/www.kuhmoinen.fi\/tapahtumat\/Muut%20tapahtumat\/279%20-%20Nostalgian%20siivin%20-%20iskelm%C3%A4festivaali\">Nostalgian siivin &#8211; iskelm\u00e4festivaali<\/a>, KUHMOINEN<\/li>\n<\/ul>\n\n\n\n<p>Lis\u00e4\u00e4 mahtuu aina, joten laita rohkeasti kysely\u00e4 tulemaan <a href=\"https:\/\/hrj-security.fi\/index.php\/yhteydenottolomake\/\">YHTEYDENOTTOLOMAKKEEN<\/a> kautta!<\/p>\n\n\n\n<figure class=\"wp-block-image size-large\"><img loading=\"lazy\" decoding=\"async\" width=\"1024\" height=\"1024\" src=\"https:\/\/hrj-security.fi\/wp-content\/uploads\/2026\/04\/keikkakalenteri-kuva1-1024x1024.png\" alt=\"\" class=\"wp-image-191\" srcset=\"https:\/\/hrj-security.fi\/wp-content\/uploads\/2026\/04\/keikkakalenteri-kuva1-1024x1024.png 1024w, https:\/\/hrj-security.fi\/wp-content\/uploads\/2026\/04\/keikkakalenteri-kuva1-300x300.png 300w, https:\/\/hrj-security.fi\/wp-content\/uploads\/2026\/04\/keikkakalenteri-kuva1-150x150.png 150w, https:\/\/hrj-security.fi\/wp-content\/uploads\/2026\/04\/keikkakalenteri-kuva1-768x768.png 768w, https:\/\/hrj-security.fi\/wp-content\/uploads\/2026\/04\/keikkakalenteri-kuva1.png 1098w\" sizes=\"auto, (max-width: 1024px) 100vw, 1024px\" \/><figcaption class=\"wp-element-caption\">HRJ-Security &#8211; Aina palveluksessasi!<\/figcaption><\/figure>\n","protected":false},"excerpt":{"rendered":"<p>T\u00e4\u00e4lt\u00e4 l\u00f6yd\u00e4t keikkamme eli mist\u00e4 meid\u00e4t l\u00f6yt\u00e4\u00e4 j\u00e4rjestyksenvalvojan t\u00f6ist\u00e4: Lis\u00e4\u00e4 mahtuu aina, joten laita rohkeasti kysely\u00e4 tulemaan YHTEYDENOTTOLOMAKKEEN kautta!<\/p>\n","protected":false},"author":3,"featured_media":0,"parent":0,"menu_order":0,"comment_status":"closed","ping_status":"closed","template":"","meta":{"_themeisle_gutenberg_block_has_review":false,"footnotes":""},"class_list":["post-186","page","type-page","status-publish","hentry"],"yoast_head":"<!-- This site is optimized with the Yoast SEO plugin v27.4 - https:\/\/yoast.com\/product\/yoast-seo-wordpress\/ -->\n<title>Keikkakalenteri - HRJ-Security OY<\/title>\n<meta name=\"robots\" content=\"index, follow, max-snippet:-1, max-image-preview:large, max-video-preview:-1\" \/>\n<link rel=\"canonical\" href=\"https:\/\/hrj-security.fi\/index.php\/keikkakalenteri\/\" \/>\n<meta property=\"og:locale\" content=\"fi_FI\" \/>\n<meta property=\"og:type\" content=\"article\" \/>\n<meta property=\"og:title\" content=\"Keikkakalenteri - HRJ-Security OY\" \/>\n<meta property=\"og:description\" content=\"T\u00e4\u00e4lt\u00e4 l\u00f6yd\u00e4t keikkamme eli mist\u00e4 meid\u00e4t l\u00f6yt\u00e4\u00e4 j\u00e4rjestyksenvalvojan t\u00f6ist\u00e4: Lis\u00e4\u00e4 mahtuu aina, joten laita rohkeasti kysely\u00e4 tulemaan YHTEYDENOTTOLOMAKKEEN kautta!\" \/>\n<meta property=\"og:url\" content=\"https:\/\/hrj-security.fi\/index.php\/keikkakalenteri\/\" \/>\n<meta property=\"og:site_name\" content=\"HRJ-Security OY\" \/>\n<meta property=\"article:publisher\" content=\"https:\/\/www.facebook.com\/p\/HRJ-Security-OY-61570346854232\/\" \/>\n<meta property=\"article:modified_time\" content=\"2026-04-05T20:35:52+00:00\" \/>\n<meta property=\"og:image\" content=\"https:\/\/hrj-security.fi\/wp-content\/uploads\/2026\/04\/keikkakalenteri-kuva1.png\" \/>\n\t<meta property=\"og:image:width\" content=\"1098\" \/>\n\t<meta property=\"og:image:height\" content=\"1098\" \/>\n\t<meta property=\"og:image:type\" content=\"image\/png\" \/>\n<meta name=\"twitter:card\" content=\"summary_large_image\" \/>\n<meta name=\"twitter:label1\" content=\"Arvioitu lukuaika\" \/>\n\t<meta name=\"twitter:data1\" content=\"1 minuutti\" \/>\n<script type=\"application\/ld+json\" class=\"yoast-schema-graph\">{\"@context\":\"https:\\\/\\\/schema.org\",\"@graph\":[{\"@type\":\"WebPage\",\"@id\":\"https:\\\/\\\/hrj-security.fi\\\/index.php\\\/keikkakalenteri\\\/\",\"url\":\"https:\\\/\\\/hrj-security.fi\\\/index.php\\\/keikkakalenteri\\\/\",\"name\":\"Keikkakalenteri - HRJ-Security OY\",\"isPartOf\":{\"@id\":\"https:\\\/\\\/hrj-security.fi\\\/#website\"},\"primaryImageOfPage\":{\"@id\":\"https:\\\/\\\/hrj-security.fi\\\/index.php\\\/keikkakalenteri\\\/#primaryimage\"},\"image\":{\"@id\":\"https:\\\/\\\/hrj-security.fi\\\/index.php\\\/keikkakalenteri\\\/#primaryimage\"},\"thumbnailUrl\":\"https:\\\/\\\/hrj-security.fi\\\/wp-content\\\/uploads\\\/2026\\\/04\\\/keikkakalenteri-kuva1-1024x1024.png\",\"datePublished\":\"2026-04-05T20:21:12+00:00\",\"dateModified\":\"2026-04-05T20:35:52+00:00\",\"breadcrumb\":{\"@id\":\"https:\\\/\\\/hrj-security.fi\\\/index.php\\\/keikkakalenteri\\\/#breadcrumb\"},\"inLanguage\":\"fi\",\"potentialAction\":[{\"@type\":\"ReadAction\",\"target\":[\"https:\\\/\\\/hrj-security.fi\\\/index.php\\\/keikkakalenteri\\\/\"]}]},{\"@type\":\"ImageObject\",\"inLanguage\":\"fi\",\"@id\":\"https:\\\/\\\/hrj-security.fi\\\/index.php\\\/keikkakalenteri\\\/#primaryimage\",\"url\":\"https:\\\/\\\/hrj-security.fi\\\/wp-content\\\/uploads\\\/2026\\\/04\\\/keikkakalenteri-kuva1.png\",\"contentUrl\":\"https:\\\/\\\/hrj-security.fi\\\/wp-content\\\/uploads\\\/2026\\\/04\\\/keikkakalenteri-kuva1.png\",\"width\":1098,\"height\":1098,\"caption\":\"Aina palveluksessasi!\"},{\"@type\":\"BreadcrumbList\",\"@id\":\"https:\\\/\\\/hrj-security.fi\\\/index.php\\\/keikkakalenteri\\\/#breadcrumb\",\"itemListElement\":[{\"@type\":\"ListItem\",\"position\":1,\"name\":\"Etusivu\",\"item\":\"https:\\\/\\\/hrj-security.fi\\\/\"},{\"@type\":\"ListItem\",\"position\":2,\"name\":\"Keikkakalenteri\"}]},{\"@type\":\"WebSite\",\"@id\":\"https:\\\/\\\/hrj-security.fi\\\/#website\",\"url\":\"https:\\\/\\\/hrj-security.fi\\\/\",\"name\":\"HRJ-Security OY\",\"description\":\"J\u00e4rjestyksenvalvonta palvelut\",\"potentialAction\":[{\"@type\":\"SearchAction\",\"target\":{\"@type\":\"EntryPoint\",\"urlTemplate\":\"https:\\\/\\\/hrj-security.fi\\\/?s={search_term_string}\"},\"query-input\":{\"@type\":\"PropertyValueSpecification\",\"valueRequired\":true,\"valueName\":\"search_term_string\"}}],\"inLanguage\":\"fi\"}]}<\/script>\n<!-- \/ Yoast SEO plugin. -->","yoast_head_json":{"title":"Keikkakalenteri - HRJ-Security OY","robots":{"index":"index","follow":"follow","max-snippet":"max-snippet:-1","max-image-preview":"max-image-preview:large","max-video-preview":"max-video-preview:-1"},"canonical":"https:\/\/hrj-security.fi\/index.php\/keikkakalenteri\/","og_locale":"fi_FI","og_type":"article","og_title":"Keikkakalenteri - HRJ-Security OY","og_description":"T\u00e4\u00e4lt\u00e4 l\u00f6yd\u00e4t keikkamme eli mist\u00e4 meid\u00e4t l\u00f6yt\u00e4\u00e4 j\u00e4rjestyksenvalvojan t\u00f6ist\u00e4: Lis\u00e4\u00e4 mahtuu aina, joten laita rohkeasti kysely\u00e4 tulemaan YHTEYDENOTTOLOMAKKEEN kautta!","og_url":"https:\/\/hrj-security.fi\/index.php\/keikkakalenteri\/","og_site_name":"HRJ-Security OY","article_publisher":"https:\/\/www.facebook.com\/p\/HRJ-Security-OY-61570346854232\/","article_modified_time":"2026-04-05T20:35:52+00:00","og_image":[{"width":1098,"height":1098,"url":"https:\/\/hrj-security.fi\/wp-content\/uploads\/2026\/04\/keikkakalenteri-kuva1.png","type":"image\/png"}],"twitter_card":"summary_large_image","twitter_misc":{"Arvioitu lukuaika":"1 minuutti"},"schema":{"@context":"https:\/\/schema.org","@graph":[{"@type":"WebPage","@id":"https:\/\/hrj-security.fi\/index.php\/keikkakalenteri\/","url":"https:\/\/hrj-security.fi\/index.php\/keikkakalenteri\/","name":"Keikkakalenteri - HRJ-Security OY","isPartOf":{"@id":"https:\/\/hrj-security.fi\/#website"},"primaryImageOfPage":{"@id":"https:\/\/hrj-security.fi\/index.php\/keikkakalenteri\/#primaryimage"},"image":{"@id":"https:\/\/hrj-security.fi\/index.php\/keikkakalenteri\/#primaryimage"},"thumbnailUrl":"https:\/\/hrj-security.fi\/wp-content\/uploads\/2026\/04\/keikkakalenteri-kuva1-1024x1024.png","datePublished":"2026-04-05T20:21:12+00:00","dateModified":"2026-04-05T20:35:52+00:00","breadcrumb":{"@id":"https:\/\/hrj-security.fi\/index.php\/keikkakalenteri\/#breadcrumb"},"inLanguage":"fi","potentialAction":[{"@type":"ReadAction","target":["https:\/\/hrj-security.fi\/index.php\/keikkakalenteri\/"]}]},{"@type":"ImageObject","inLanguage":"fi","@id":"https:\/\/hrj-security.fi\/index.php\/keikkakalenteri\/#primaryimage","url":"https:\/\/hrj-security.fi\/wp-content\/uploads\/2026\/04\/keikkakalenteri-kuva1.png","contentUrl":"https:\/\/hrj-security.fi\/wp-content\/uploads\/2026\/04\/keikkakalenteri-kuva1.png","width":1098,"height":1098,"caption":"Aina palveluksessasi!"},{"@type":"BreadcrumbList","@id":"https:\/\/hrj-security.fi\/index.php\/keikkakalenteri\/#breadcrumb","itemListElement":[{"@type":"ListItem","position":1,"name":"Etusivu","item":"https:\/\/hrj-security.fi\/"},{"@type":"ListItem","position":2,"name":"Keikkakalenteri"}]},{"@type":"WebSite","@id":"https:\/\/hrj-security.fi\/#website","url":"https:\/\/hrj-security.fi\/","name":"HRJ-Security OY","description":"J\u00e4rjestyksenvalvonta palvelut","potentialAction":[{"@type":"SearchAction","target":{"@type":"EntryPoint","urlTemplate":"https:\/\/hrj-security.fi\/?s={search_term_string}"},"query-input":{"@type":"PropertyValueSpecification","valueRequired":true,"valueName":"search_term_string"}}],"inLanguage":"fi"}]}},"_links":{"self":[{"href":"https:\/\/hrj-security.fi\/index.php\/wp-json\/wp\/v2\/pages\/186","targetHints":{"allow":["GET"]}}],"collection":[{"href":"https:\/\/hrj-security.fi\/index.php\/wp-json\/wp\/v2\/pages"}],"about":[{"href":"https:\/\/hrj-security.fi\/index.php\/wp-json\/wp\/v2\/types\/page"}],"author":[{"embeddable":true,"href":"https:\/\/hrj-security.fi\/index.php\/wp-json\/wp\/v2\/users\/3"}],"replies":[{"embeddable":true,"href":"https:\/\/hrj-security.fi\/index.php\/wp-json\/wp\/v2\/comments?post=186"}],"version-history":[{"count":8,"href":"https:\/\/hrj-security.fi\/index.php\/wp-json\/wp\/v2\/pages\/186\/revisions"}],"predecessor-version":[{"id":198,"href":"https:\/\/hrj-security.fi\/index.php\/wp-json\/wp\/v2\/pages\/186\/revisions\/198"}],"wp:attachment":[{"href":"https:\/\/hrj-security.fi\/index.php\/wp-json\/wp\/v2\/media?parent=186"}],"curies":[{"name":"wp","href":"https:\/\/api.w.org\/{rel}","templated":true}]}}