{"id":2,"date":"2025-06-19T09:28:06","date_gmt":"2025-06-19T09:28:06","guid":{"rendered":"https:\/\/hrj-security.fi\/?page_id=2"},"modified":"2025-08-18T07:23:48","modified_gmt":"2025-08-18T07:23:48","slug":"yhteydenottolomake","status":"publish","type":"page","link":"https:\/\/hrj-security.fi\/index.php\/yhteydenottolomake\/","title":{"rendered":"Yhteydenottolomake"},"content":{"rendered":"<div class=\"wpforms-container wpforms-container-full wpforms-block wpforms-block-45fd9168-3055-4ac1-a0ba-90952c2295d2\" id=\"wpforms-90\"><form id=\"wpforms-form-90\" class=\"wpforms-validate wpforms-form wpforms-ajax-form\" data-formid=\"90\" method=\"post\" enctype=\"multipart\/form-data\" action=\"\/index.php\/wp-json\/wp\/v2\/pages\/2\" data-token=\"1db38c97683ba7d4a7481a0f8c68b82c\" data-token-time=\"1776345613\"><noscript class=\"wpforms-error-noscript\">Please enable JavaScript in your browser to complete this form.<\/noscript><div class=\"wpforms-field-container\"><div id=\"wpforms-90-field_1-container\" class=\"wpforms-field wpforms-field-name\" data-field-id=\"1\"><label class=\"wpforms-field-label\" for=\"wpforms-90-field_1\">Nimi <span class=\"wpforms-required-label\">*<\/span><\/label><input type=\"text\" id=\"wpforms-90-field_1\" class=\"wpforms-field-medium wpforms-field-required\" name=\"wpforms[fields][1]\" required><\/div>\t\t<div id=\"wpforms-90-field_4-container\"\n\t\t\tclass=\"wpforms-field wpforms-field-text\"\n\t\t\tdata-field-type=\"text\"\n\t\t\tdata-field-id=\"4\"\n\t\t\t>\n\t\t\t<label class=\"wpforms-field-label\" for=\"wpforms-90-field_4\" >Nimi Viesti S\u00e4hk\u00f6posti<\/label>\n\t\t\t<input type=\"text\" id=\"wpforms-90-field_4\" class=\"wpforms-field-medium\" name=\"wpforms[fields][4]\" >\n\t\t<\/div>\n\t\t<div id=\"wpforms-90-field_2-container\" class=\"wpforms-field wpforms-field-email\" data-field-id=\"2\"><label class=\"wpforms-field-label\" for=\"wpforms-90-field_2\">S\u00e4hk\u00f6posti <span class=\"wpforms-required-label\">*<\/span><\/label><input type=\"email\" id=\"wpforms-90-field_2\" class=\"wpforms-field-medium wpforms-field-required\" name=\"wpforms[fields][2]\" spellcheck=\"false\" required><\/div><div id=\"wpforms-90-field_3-container\" class=\"wpforms-field wpforms-field-textarea\" data-field-id=\"3\"><label class=\"wpforms-field-label\" for=\"wpforms-90-field_3\">Viesti<\/label><textarea id=\"wpforms-90-field_3\" class=\"wpforms-field-medium\" name=\"wpforms[fields][3]\" ><\/textarea><\/div><script>\n\t\t\t\t( function() {\n\t\t\t\t\tconst style = document.createElement( 'style' );\n\t\t\t\t\tstyle.appendChild( document.createTextNode( '#wpforms-90-field_4-container { position: absolute !important; overflow: hidden !important; display: inline !important; height: 1px !important; width: 1px !important; z-index: -1000 !important; padding: 0 !important; } #wpforms-90-field_4-container input { visibility: hidden; } #wpforms-conversational-form-page #wpforms-90-field_4-container label { counter-increment: none; }' ) );\n\t\t\t\t\tdocument.head.appendChild( style );\n\t\t\t\t\tdocument.currentScript?.remove();\n\t\t\t\t} )();\n\t\t\t<\/script><\/div><!-- .wpforms-field-container --><div class=\"wpforms-submit-container\" ><input type=\"hidden\" name=\"wpforms[id]\" value=\"90\"><input type=\"hidden\" name=\"page_title\" value=\"\"><input type=\"hidden\" name=\"page_url\" value=\"https:\/\/hrj-security.fi\/index.php\/wp-json\/wp\/v2\/pages\/2\"><input type=\"hidden\" name=\"url_referer\" value=\"\"><button type=\"submit\" name=\"wpforms[submit]\" id=\"wpforms-submit-90\" class=\"wpforms-submit\" data-alt-text=\"L\u00e4hetet\u00e4\u00e4n...\" data-submit-text=\"L\u00e4het\u00e4\" aria-live=\"assertive\" value=\"wpforms-submit\">L\u00e4het\u00e4<\/button><img loading=\"lazy\" decoding=\"async\" src=\"https:\/\/hrj-security.fi\/wp-content\/plugins\/wpforms-lite\/assets\/images\/submit-spin.svg\" class=\"wpforms-submit-spinner\" style=\"display: none;\" width=\"26\" height=\"26\" alt=\"Loading\"><\/div><\/form><\/div>  <!-- .wpforms-container -->","protected":false},"excerpt":{"rendered":"","protected":false},"author":2,"featured_media":0,"parent":0,"menu_order":0,"comment_status":"closed","ping_status":"closed","template":"","meta":{"_themeisle_gutenberg_block_has_review":false,"footnotes":""},"class_list":["post-2","page","type-page","status-publish","hentry"],"yoast_head":"<!-- This site is optimized with the Yoast SEO plugin v27.4 - https:\/\/yoast.com\/product\/yoast-seo-wordpress\/ -->\n<title>Yhteydenottolomake - HRJ-Security OY<\/title>\n<meta name=\"robots\" content=\"index, follow, max-snippet:-1, max-image-preview:large, max-video-preview:-1\" \/>\n<link rel=\"canonical\" href=\"https:\/\/hrj-security.fi\/index.php\/yhteydenottolomake\/\" \/>\n<meta property=\"og:locale\" content=\"fi_FI\" \/>\n<meta property=\"og:type\" content=\"article\" \/>\n<meta property=\"og:title\" content=\"Yhteydenottolomake - HRJ-Security OY\" \/>\n<meta property=\"og:url\" content=\"https:\/\/hrj-security.fi\/index.php\/yhteydenottolomake\/\" \/>\n<meta property=\"og:site_name\" content=\"HRJ-Security OY\" \/>\n<meta property=\"article:publisher\" content=\"https:\/\/www.facebook.com\/p\/HRJ-Security-OY-61570346854232\/\" \/>\n<meta property=\"article:modified_time\" content=\"2025-08-18T07:23:48+00:00\" \/>\n<meta name=\"twitter:card\" content=\"summary_large_image\" \/>\n<script type=\"application\/ld+json\" class=\"yoast-schema-graph\">{\"@context\":\"https:\\\/\\\/schema.org\",\"@graph\":[{\"@type\":\"WebPage\",\"@id\":\"https:\\\/\\\/hrj-security.fi\\\/index.php\\\/yhteydenottolomake\\\/\",\"url\":\"https:\\\/\\\/hrj-security.fi\\\/index.php\\\/yhteydenottolomake\\\/\",\"name\":\"Yhteydenottolomake - HRJ-Security OY\",\"isPartOf\":{\"@id\":\"https:\\\/\\\/hrj-security.fi\\\/#website\"},\"datePublished\":\"2025-06-19T09:28:06+00:00\",\"dateModified\":\"2025-08-18T07:23:48+00:00\",\"breadcrumb\":{\"@id\":\"https:\\\/\\\/hrj-security.fi\\\/index.php\\\/yhteydenottolomake\\\/#breadcrumb\"},\"inLanguage\":\"fi\",\"potentialAction\":[{\"@type\":\"ReadAction\",\"target\":[\"https:\\\/\\\/hrj-security.fi\\\/index.php\\\/yhteydenottolomake\\\/\"]}]},{\"@type\":\"BreadcrumbList\",\"@id\":\"https:\\\/\\\/hrj-security.fi\\\/index.php\\\/yhteydenottolomake\\\/#breadcrumb\",\"itemListElement\":[{\"@type\":\"ListItem\",\"position\":1,\"name\":\"Etusivu\",\"item\":\"https:\\\/\\\/hrj-security.fi\\\/\"},{\"@type\":\"ListItem\",\"position\":2,\"name\":\"Yhteydenottolomake\"}]},{\"@type\":\"WebSite\",\"@id\":\"https:\\\/\\\/hrj-security.fi\\\/#website\",\"url\":\"https:\\\/\\\/hrj-security.fi\\\/\",\"name\":\"HRJ-Security OY\",\"description\":\"J\u00e4rjestyksenvalvonta palvelut\",\"potentialAction\":[{\"@type\":\"SearchAction\",\"target\":{\"@type\":\"EntryPoint\",\"urlTemplate\":\"https:\\\/\\\/hrj-security.fi\\\/?s={search_term_string}\"},\"query-input\":{\"@type\":\"PropertyValueSpecification\",\"valueRequired\":true,\"valueName\":\"search_term_string\"}}],\"inLanguage\":\"fi\"}]}<\/script>\n<!-- \/ Yoast SEO plugin. -->","yoast_head_json":{"title":"Yhteydenottolomake - HRJ-Security OY","robots":{"index":"index","follow":"follow","max-snippet":"max-snippet:-1","max-image-preview":"max-image-preview:large","max-video-preview":"max-video-preview:-1"},"canonical":"https:\/\/hrj-security.fi\/index.php\/yhteydenottolomake\/","og_locale":"fi_FI","og_type":"article","og_title":"Yhteydenottolomake - HRJ-Security OY","og_url":"https:\/\/hrj-security.fi\/index.php\/yhteydenottolomake\/","og_site_name":"HRJ-Security OY","article_publisher":"https:\/\/www.facebook.com\/p\/HRJ-Security-OY-61570346854232\/","article_modified_time":"2025-08-18T07:23:48+00:00","twitter_card":"summary_large_image","schema":{"@context":"https:\/\/schema.org","@graph":[{"@type":"WebPage","@id":"https:\/\/hrj-security.fi\/index.php\/yhteydenottolomake\/","url":"https:\/\/hrj-security.fi\/index.php\/yhteydenottolomake\/","name":"Yhteydenottolomake - HRJ-Security OY","isPartOf":{"@id":"https:\/\/hrj-security.fi\/#website"},"datePublished":"2025-06-19T09:28:06+00:00","dateModified":"2025-08-18T07:23:48+00:00","breadcrumb":{"@id":"https:\/\/hrj-security.fi\/index.php\/yhteydenottolomake\/#breadcrumb"},"inLanguage":"fi","potentialAction":[{"@type":"ReadAction","target":["https:\/\/hrj-security.fi\/index.php\/yhteydenottolomake\/"]}]},{"@type":"BreadcrumbList","@id":"https:\/\/hrj-security.fi\/index.php\/yhteydenottolomake\/#breadcrumb","itemListElement":[{"@type":"ListItem","position":1,"name":"Etusivu","item":"https:\/\/hrj-security.fi\/"},{"@type":"ListItem","position":2,"name":"Yhteydenottolomake"}]},{"@type":"WebSite","@id":"https:\/\/hrj-security.fi\/#website","url":"https:\/\/hrj-security.fi\/","name":"HRJ-Security OY","description":"J\u00e4rjestyksenvalvonta palvelut","potentialAction":[{"@type":"SearchAction","target":{"@type":"EntryPoint","urlTemplate":"https:\/\/hrj-security.fi\/?s={search_term_string}"},"query-input":{"@type":"PropertyValueSpecification","valueRequired":true,"valueName":"search_term_string"}}],"inLanguage":"fi"}]}},"_links":{"self":[{"href":"https:\/\/hrj-security.fi\/index.php\/wp-json\/wp\/v2\/pages\/2","targetHints":{"allow":["GET"]}}],"collection":[{"href":"https:\/\/hrj-security.fi\/index.php\/wp-json\/wp\/v2\/pages"}],"about":[{"href":"https:\/\/hrj-security.fi\/index.php\/wp-json\/wp\/v2\/types\/page"}],"author":[{"embeddable":true,"href":"https:\/\/hrj-security.fi\/index.php\/wp-json\/wp\/v2\/users\/2"}],"replies":[{"embeddable":true,"href":"https:\/\/hrj-security.fi\/index.php\/wp-json\/wp\/v2\/comments?post=2"}],"version-history":[{"count":2,"href":"https:\/\/hrj-security.fi\/index.php\/wp-json\/wp\/v2\/pages\/2\/revisions"}],"predecessor-version":[{"id":98,"href":"https:\/\/hrj-security.fi\/index.php\/wp-json\/wp\/v2\/pages\/2\/revisions\/98"}],"wp:attachment":[{"href":"https:\/\/hrj-security.fi\/index.php\/wp-json\/wp\/v2\/media?parent=2"}],"curies":[{"name":"wp","href":"https:\/\/api.w.org\/{rel}","templated":true}]}}