{"id":68,"date":"2025-08-18T06:08:58","date_gmt":"2025-08-18T06:08:58","guid":{"rendered":"https:\/\/hrj-security.fi\/index.php\/home\/"},"modified":"2026-04-05T21:01:19","modified_gmt":"2026-04-05T21:01:19","slug":"home","status":"publish","type":"page","link":"https:\/\/hrj-security.fi\/","title":{"rendered":"Etusivu"},"content":{"rendered":"\n<div class=\"wp-block-columns container is-layout-flex wp-container-core-columns-is-layout-28f84493 wp-block-columns-is-layout-flex\">\n<div class=\"wp-block-column col-md-6 col-md-offset1 is-layout-flow wp-block-column-is-layout-flow\">\n<p class=\"has-text-align-left\"><strong>HRJ-Security Oy<\/strong> on vuonna 2024 perustettu yksityinen <strong>turvallisuuspalveluyritys<\/strong>, jonka kotipaikka on <strong>Koskenp\u00e4\u00e4, Keski-Suomi.<\/strong><\/p>\n\n\n\n<p class=\"has-text-align-left\">Yrityksen toimintaperiaatteena on tarjota asiakkailleen <strong>monipuolisia<\/strong> ja <strong>r\u00e4\u00e4t\u00e4l\u00f6ityj\u00e4<\/strong> turvallisuusratkaisuja, jotka kattavat erilaiset tarpeet, kuten <strong>v\u00e4kivallan ehk\u00e4isy<\/strong>, <strong>omaisuuden suojaus<\/strong> sek\u00e4 <strong>tapahtumaturvallisuus<\/strong>.<\/p>\n\n\n\n<p class=\"has-text-align-left\"><strong>HRJ-Security Oy<\/strong>:n tiimi koostuu kokeneista turvallisuusalan <strong>ammattilaisista<\/strong>, jotka hy\u00f6dynt\u00e4v\u00e4t <strong>nykyaikaisia teknologioita <\/strong>ja k\u00e4yt\u00e4nt\u00f6j\u00e4 turvallisuuden varmistamiseksi. Yrityksen asiakkaina ovat niin <strong>yksityishenkil\u00f6t<\/strong> kuin <strong>yritykset<\/strong> ja <strong>julkiset organisaatiot<\/strong>.<\/p>\n\n\n\n<p class=\"has-text-align-left\">Asiakasl\u00e4ht\u00f6isyys on keski\u00f6ss\u00e4, ja <strong>HRJ-Security<\/strong> pyrkii luomaan pitk\u00e4aikaisia suhteita asiakkaidensa kanssa tarjoamalla <strong>korkealaatuista palvelua<\/strong> sek\u00e4 <strong>joustavia ratkaisuja<\/strong>, jotka vastaavat kunkin asiakkaan erityistarpeita.<\/p>\n\n\n\n<p><\/p>\n\n\n\n<p><\/p>\n\n\n\n<p class=\"has-text-align-center\"><strong>Seuraa meit\u00e4 my\u00f6s somessa!<\/strong><\/p>\n\n\n\n<p><\/p>\n\n\n\n<ul class=\"wp-block-social-links has-visible-labels is-style-pill-shape is-content-justification-center is-layout-flex wp-container-core-social-links-is-layout-c3d5205c wp-block-social-links-is-layout-flex\" style=\"border-style:none;border-width:0px;border-radius:0px;margin-top:0;margin-bottom:0\"><li class=\"wp-social-link wp-social-link-facebook  animated bounceIn wp-block-social-link\"><a rel=\"noopener nofollow\" target=\"_blank\" href=\"https:\/\/www.facebook.com\/p\/HRJ-Security-OY-61570346854232\/\" class=\"wp-block-social-link-anchor\"><svg width=\"24\" height=\"24\" viewBox=\"0 0 24 24\" version=\"1.1\" xmlns=\"http:\/\/www.w3.org\/2000\/svg\" aria-hidden=\"true\" focusable=\"false\"><path d=\"M12 2C6.5 2 2 6.5 2 12c0 5 3.7 9.1 8.4 9.9v-7H7.9V12h2.5V9.8c0-2.5 1.5-3.9 3.8-3.9 1.1 0 2.2.2 2.2.2v2.5h-1.3c-1.2 0-1.6.8-1.6 1.6V12h2.8l-.4 2.9h-2.3v7C18.3 21.1 22 17 22 12c0-5.5-4.5-10-10-10z\"><\/path><\/svg><span class=\"wp-block-social-link-label\">Facebook<\/span><\/a><\/li><\/ul>\n<\/div>\n<\/div>\n\n\n\n<p><\/p>\n","protected":false},"excerpt":{"rendered":"<p>HRJ-Security Oy on vuonna 2024 perustettu yksityinen turvallisuuspalveluyritys, jonka kotipaikka on Koskenp\u00e4\u00e4, Keski-Suomi. Yrityksen toimintaperiaatteena on tarjota asiakkailleen monipuolisia ja r\u00e4\u00e4t\u00e4l\u00f6ityj\u00e4 turvallisuusratkaisuja, jotka kattavat erilaiset tarpeet, kuten v\u00e4kivallan ehk\u00e4isy, omaisuuden suojaus sek\u00e4 tapahtumaturvallisuus. HRJ-Security Oy:n tiimi koostuu kokeneista turvallisuusalan ammattilaisista, jotka hy\u00f6dynt\u00e4v\u00e4t nykyaikaisia teknologioita ja k\u00e4yt\u00e4nt\u00f6j\u00e4 turvallisuuden varmistamiseksi. Yrityksen asiakkaina [&hellip;]<\/p>\n","protected":false},"author":2,"featured_media":0,"parent":0,"menu_order":0,"comment_status":"closed","ping_status":"closed","template":"","meta":{"_themeisle_gutenberg_block_has_review":false,"footnotes":""},"class_list":["post-68","page","type-page","status-publish","hentry"],"yoast_head":"<!-- This site is optimized with the Yoast SEO plugin v27.4 - https:\/\/yoast.com\/product\/yoast-seo-wordpress\/ -->\n<title>Etusivu - HRJ-Security OY<\/title>\n<meta name=\"robots\" content=\"index, follow, max-snippet:-1, max-image-preview:large, max-video-preview:-1\" \/>\n<link rel=\"canonical\" href=\"https:\/\/hrj-security.fi\/\" \/>\n<meta property=\"og:locale\" content=\"fi_FI\" \/>\n<meta property=\"og:type\" content=\"article\" \/>\n<meta property=\"og:title\" content=\"Etusivu - HRJ-Security OY\" \/>\n<meta property=\"og:description\" content=\"HRJ-Security Oy on vuonna 2024 perustettu yksityinen turvallisuuspalveluyritys, jonka kotipaikka on Koskenp\u00e4\u00e4, Keski-Suomi. Yrityksen toimintaperiaatteena on tarjota asiakkailleen monipuolisia ja r\u00e4\u00e4t\u00e4l\u00f6ityj\u00e4 turvallisuusratkaisuja, jotka kattavat erilaiset tarpeet, kuten v\u00e4kivallan ehk\u00e4isy, omaisuuden suojaus sek\u00e4 tapahtumaturvallisuus. HRJ-Security Oy:n tiimi koostuu kokeneista turvallisuusalan ammattilaisista, jotka hy\u00f6dynt\u00e4v\u00e4t nykyaikaisia teknologioita ja k\u00e4yt\u00e4nt\u00f6j\u00e4 turvallisuuden varmistamiseksi. Yrityksen asiakkaina [&hellip;]\" \/>\n<meta property=\"og:url\" content=\"https:\/\/hrj-security.fi\/\" \/>\n<meta property=\"og:site_name\" content=\"HRJ-Security OY\" \/>\n<meta property=\"article:publisher\" content=\"https:\/\/www.facebook.com\/p\/HRJ-Security-OY-61570346854232\/\" \/>\n<meta property=\"article:modified_time\" content=\"2026-04-05T21:01:19+00:00\" \/>\n<meta name=\"twitter:card\" content=\"summary_large_image\" \/>\n<meta name=\"twitter:label1\" content=\"Arvioitu lukuaika\" \/>\n\t<meta name=\"twitter:data1\" content=\"1 minuutti\" \/>\n<script type=\"application\/ld+json\" class=\"yoast-schema-graph\">{\"@context\":\"https:\\\/\\\/schema.org\",\"@graph\":[{\"@type\":\"WebPage\",\"@id\":\"https:\\\/\\\/hrj-security.fi\\\/\",\"url\":\"https:\\\/\\\/hrj-security.fi\\\/\",\"name\":\"Etusivu - HRJ-Security OY\",\"isPartOf\":{\"@id\":\"https:\\\/\\\/hrj-security.fi\\\/#website\"},\"datePublished\":\"2025-08-18T06:08:58+00:00\",\"dateModified\":\"2026-04-05T21:01:19+00:00\",\"breadcrumb\":{\"@id\":\"https:\\\/\\\/hrj-security.fi\\\/#breadcrumb\"},\"inLanguage\":\"fi\",\"potentialAction\":[{\"@type\":\"ReadAction\",\"target\":[\"https:\\\/\\\/hrj-security.fi\\\/\"]}]},{\"@type\":\"BreadcrumbList\",\"@id\":\"https:\\\/\\\/hrj-security.fi\\\/#breadcrumb\",\"itemListElement\":[{\"@type\":\"ListItem\",\"position\":1,\"name\":\"Etusivu\",\"item\":\"https:\\\/\\\/hrj-security.fi\\\/\"},{\"@type\":\"ListItem\",\"position\":2,\"name\":\"Etusivu\"}]},{\"@type\":\"WebSite\",\"@id\":\"https:\\\/\\\/hrj-security.fi\\\/#website\",\"url\":\"https:\\\/\\\/hrj-security.fi\\\/\",\"name\":\"HRJ-Security OY\",\"description\":\"J\u00e4rjestyksenvalvonta palvelut\",\"potentialAction\":[{\"@type\":\"SearchAction\",\"target\":{\"@type\":\"EntryPoint\",\"urlTemplate\":\"https:\\\/\\\/hrj-security.fi\\\/?s={search_term_string}\"},\"query-input\":{\"@type\":\"PropertyValueSpecification\",\"valueRequired\":true,\"valueName\":\"search_term_string\"}}],\"inLanguage\":\"fi\"}]}<\/script>\n<!-- \/ Yoast SEO plugin. -->","yoast_head_json":{"title":"Etusivu - HRJ-Security OY","robots":{"index":"index","follow":"follow","max-snippet":"max-snippet:-1","max-image-preview":"max-image-preview:large","max-video-preview":"max-video-preview:-1"},"canonical":"https:\/\/hrj-security.fi\/","og_locale":"fi_FI","og_type":"article","og_title":"Etusivu - HRJ-Security OY","og_description":"HRJ-Security Oy on vuonna 2024 perustettu yksityinen turvallisuuspalveluyritys, jonka kotipaikka on Koskenp\u00e4\u00e4, Keski-Suomi. Yrityksen toimintaperiaatteena on tarjota asiakkailleen monipuolisia ja r\u00e4\u00e4t\u00e4l\u00f6ityj\u00e4 turvallisuusratkaisuja, jotka kattavat erilaiset tarpeet, kuten v\u00e4kivallan ehk\u00e4isy, omaisuuden suojaus sek\u00e4 tapahtumaturvallisuus. HRJ-Security Oy:n tiimi koostuu kokeneista turvallisuusalan ammattilaisista, jotka hy\u00f6dynt\u00e4v\u00e4t nykyaikaisia teknologioita ja k\u00e4yt\u00e4nt\u00f6j\u00e4 turvallisuuden varmistamiseksi. Yrityksen asiakkaina [&hellip;]","og_url":"https:\/\/hrj-security.fi\/","og_site_name":"HRJ-Security OY","article_publisher":"https:\/\/www.facebook.com\/p\/HRJ-Security-OY-61570346854232\/","article_modified_time":"2026-04-05T21:01:19+00:00","twitter_card":"summary_large_image","twitter_misc":{"Arvioitu lukuaika":"1 minuutti"},"schema":{"@context":"https:\/\/schema.org","@graph":[{"@type":"WebPage","@id":"https:\/\/hrj-security.fi\/","url":"https:\/\/hrj-security.fi\/","name":"Etusivu - HRJ-Security OY","isPartOf":{"@id":"https:\/\/hrj-security.fi\/#website"},"datePublished":"2025-08-18T06:08:58+00:00","dateModified":"2026-04-05T21:01:19+00:00","breadcrumb":{"@id":"https:\/\/hrj-security.fi\/#breadcrumb"},"inLanguage":"fi","potentialAction":[{"@type":"ReadAction","target":["https:\/\/hrj-security.fi\/"]}]},{"@type":"BreadcrumbList","@id":"https:\/\/hrj-security.fi\/#breadcrumb","itemListElement":[{"@type":"ListItem","position":1,"name":"Etusivu","item":"https:\/\/hrj-security.fi\/"},{"@type":"ListItem","position":2,"name":"Etusivu"}]},{"@type":"WebSite","@id":"https:\/\/hrj-security.fi\/#website","url":"https:\/\/hrj-security.fi\/","name":"HRJ-Security OY","description":"J\u00e4rjestyksenvalvonta palvelut","potentialAction":[{"@type":"SearchAction","target":{"@type":"EntryPoint","urlTemplate":"https:\/\/hrj-security.fi\/?s={search_term_string}"},"query-input":{"@type":"PropertyValueSpecification","valueRequired":true,"valueName":"search_term_string"}}],"inLanguage":"fi"}]}},"_links":{"self":[{"href":"https:\/\/hrj-security.fi\/index.php\/wp-json\/wp\/v2\/pages\/68","targetHints":{"allow":["GET"]}}],"collection":[{"href":"https:\/\/hrj-security.fi\/index.php\/wp-json\/wp\/v2\/pages"}],"about":[{"href":"https:\/\/hrj-security.fi\/index.php\/wp-json\/wp\/v2\/types\/page"}],"author":[{"embeddable":true,"href":"https:\/\/hrj-security.fi\/index.php\/wp-json\/wp\/v2\/users\/2"}],"replies":[{"embeddable":true,"href":"https:\/\/hrj-security.fi\/index.php\/wp-json\/wp\/v2\/comments?post=68"}],"version-history":[{"count":15,"href":"https:\/\/hrj-security.fi\/index.php\/wp-json\/wp\/v2\/pages\/68\/revisions"}],"predecessor-version":[{"id":207,"href":"https:\/\/hrj-security.fi\/index.php\/wp-json\/wp\/v2\/pages\/68\/revisions\/207"}],"wp:attachment":[{"href":"https:\/\/hrj-security.fi\/index.php\/wp-json\/wp\/v2\/media?parent=68"}],"curies":[{"name":"wp","href":"https:\/\/api.w.org\/{rel}","templated":true}]}}